{"id":35,"date":"2025-01-22T13:56:25","date_gmt":"2025-01-22T13:56:25","guid":{"rendered":"https:\/\/fortespharm.ba\/index.php\/home\/"},"modified":"2025-05-06T08:46:47","modified_gmt":"2025-05-06T08:46:47","slug":"home","status":"publish","type":"page","link":"https:\/\/fortespharm.ba\/","title":{"rendered":"Po\u010detna"},"content":{"rendered":"\t\t<div data-elementor-type=\"wp-page\" data-elementor-id=\"35\" class=\"elementor elementor-35\">\n\t\t\t\t<div class=\"elementor-element elementor-element-869e1d0 e-con-full e-flex e-con e-parent\" data-id=\"869e1d0\" data-element_type=\"container\">\n\t\t<div class=\"elementor-element elementor-element-14e63ab e-con-full e-flex e-con e-child\" data-id=\"14e63ab\" data-element_type=\"container\">\n\t\t\t\t<div class=\"elementor-element elementor-element-720a821 elementor-widget__width-inherit elementor-widget elementor-widget-image\" data-id=\"720a821\" data-element_type=\"widget\" data-widget_type=\"image.default\">\n\t\t\t\t<div class=\"elementor-widget-container\">\n\t\t\t\t\t\t\t\t\t\t\t\t\t\t\t<img fetchpriority=\"high\" decoding=\"async\" width=\"1366\" height=\"768\" src=\"https:\/\/fortespharm.ba\/wp-content\/uploads\/2025\/01\/Njega-pupcane-vrpce-Pelenski-osip-Kontrola-mikrookruzenja-u-podruciju-rana-\u2022-Crvenilo-u-ranama-FortesPharm-d.o.o.-\u2022-Ostecenja-koze-povezana-sa-vlagom-MASD-.png\" class=\"attachment-full size-full wp-image-139\" alt=\"\" srcset=\"https:\/\/fortespharm.ba\/wp-content\/uploads\/2025\/01\/Njega-pupcane-vrpce-Pelenski-osip-Kontrola-mikrookruzenja-u-podruciju-rana-\u2022-Crvenilo-u-ranama-FortesPharm-d.o.o.-\u2022-Ostecenja-koze-povezana-sa-vlagom-MASD-.png 1366w, https:\/\/fortespharm.ba\/wp-content\/uploads\/2025\/01\/Njega-pupcane-vrpce-Pelenski-osip-Kontrola-mikrookruzenja-u-podruciju-rana-\u2022-Crvenilo-u-ranama-FortesPharm-d.o.o.-\u2022-Ostecenja-koze-povezana-sa-vlagom-MASD--300x169.png 300w, https:\/\/fortespharm.ba\/wp-content\/uploads\/2025\/01\/Njega-pupcane-vrpce-Pelenski-osip-Kontrola-mikrookruzenja-u-podruciju-rana-\u2022-Crvenilo-u-ranama-FortesPharm-d.o.o.-\u2022-Ostecenja-koze-povezana-sa-vlagom-MASD--1024x576.png 1024w, https:\/\/fortespharm.ba\/wp-content\/uploads\/2025\/01\/Njega-pupcane-vrpce-Pelenski-osip-Kontrola-mikrookruzenja-u-podruciju-rana-\u2022-Crvenilo-u-ranama-FortesPharm-d.o.o.-\u2022-Ostecenja-koze-povezana-sa-vlagom-MASD--768x432.png 768w\" sizes=\"(max-width: 1366px) 100vw, 1366px\" \/>\t\t\t\t\t\t\t\t\t\t\t\t\t\t\t<\/div>\n\t\t\t\t<\/div>\n\t\t\t\t<\/div>\n\t\t\t\t<\/div>\n\t\t<div class=\"elementor-element elementor-element-76b52626 e-flex e-con-boxed e-con e-parent\" data-id=\"76b52626\" data-element_type=\"container\">\n\t\t\t\t\t<div class=\"e-con-inner\">\n\t\t\t\t<div class=\"elementor-element elementor-element-30e5297 elementor-widget elementor-widget-heading\" data-id=\"30e5297\" data-element_type=\"widget\" data-widget_type=\"heading.default\">\n\t\t\t\t<div class=\"elementor-widget-container\">\n\t\t\t\t\t<h3 class=\"elementor-heading-title elementor-size-default\">NaviHeal sprej u prahu za njegu pupka i pup\u010dane vrpce sa koloidnim srebrom i vitamin E<\/h3>\t\t\t\t<\/div>\n\t\t\t\t<\/div>\n\t\t<div class=\"elementor-element elementor-element-b2d7dbe e-con-full e-flex e-con e-child\" data-id=\"b2d7dbe\" data-element_type=\"container\">\n\t\t\t\t<div class=\"elementor-element elementor-element-3afe9b04 elementor-widget-tablet__width-initial elementor-widget-mobile__width-inherit elementor-widget__width-initial elementor-position-top elementor-widget elementor-widget-image-box\" data-id=\"3afe9b04\" data-element_type=\"widget\" data-widget_type=\"image-box.default\">\n\t\t\t\t<div class=\"elementor-widget-container\">\n\t\t\t\t\t<div class=\"elementor-image-box-wrapper\"><figure class=\"elementor-image-box-img\"><img decoding=\"async\" width=\"244\" height=\"162\" src=\"https:\/\/fortespharm.ba\/wp-content\/uploads\/2025\/01\/Obnavljanje.jpg\" class=\"elementor-animation-grow attachment-full size-full wp-image-69\" alt=\"\" \/><\/figure><\/div>\t\t\t\t<\/div>\n\t\t\t\t<\/div>\n\t\t\t\t<div class=\"elementor-element elementor-element-43ed2439 elementor-widget-tablet__width-initial elementor-widget-mobile__width-inherit elementor-widget__width-initial elementor-position-top elementor-widget elementor-widget-image-box\" data-id=\"43ed2439\" data-element_type=\"widget\" data-widget_type=\"image-box.default\">\n\t\t\t\t<div class=\"elementor-widget-container\">\n\t\t\t\t\t<div class=\"elementor-image-box-wrapper\"><figure class=\"elementor-image-box-img\"><img decoding=\"async\" width=\"162\" height=\"143\" src=\"https:\/\/fortespharm.ba\/wp-content\/uploads\/2025\/01\/Formulation.jpg\" class=\"elementor-animation-grow attachment-full size-full wp-image-68\" alt=\"\" \/><\/figure><div class=\"elementor-image-box-content\"><p class=\"elementor-image-box-description\">Odsustvo teku\u0107ine poma\u017ee da ko\u017ea ostane suha spre\u010davaju\u0107i proliferaciju bakterija i drugih mikroorganizama koji uspjevaju u vla\u017enim okru\u017eenjima<\/p><\/div><\/div>\t\t\t\t<\/div>\n\t\t\t\t<\/div>\n\t\t\t\t<div class=\"elementor-element elementor-element-580d492f elementor-widget-tablet__width-initial elementor-widget-mobile__width-inherit elementor-widget__width-initial elementor-position-top elementor-widget elementor-widget-image-box\" data-id=\"580d492f\" data-element_type=\"widget\" data-widget_type=\"image-box.default\">\n\t\t\t\t<div class=\"elementor-widget-container\">\n\t\t\t\t\t<div class=\"elementor-image-box-wrapper\"><figure class=\"elementor-image-box-img\"><img loading=\"lazy\" decoding=\"async\" width=\"143\" height=\"145\" src=\"https:\/\/fortespharm.ba\/wp-content\/uploads\/2025\/01\/Natural.jpg\" class=\"elementor-animation-grow attachment-full size-full wp-image-70\" alt=\"\" \/><\/figure><\/div>\t\t\t\t<\/div>\n\t\t\t\t<\/div>\n\t\t\t\t<\/div>\n\t\t\t\t\t<\/div>\n\t\t\t\t<\/div>\n\t\t<div class=\"elementor-element elementor-element-2b03c396 e-flex e-con-boxed e-con e-parent\" data-id=\"2b03c396\" data-element_type=\"container\" id=\"next\">\n\t\t\t\t\t<div class=\"e-con-inner\">\n\t\t\t\t<div class=\"elementor-element elementor-element-32bd412c elementor-widget elementor-widget-heading\" data-id=\"32bd412c\" data-element_type=\"widget\" data-widget_type=\"heading.default\">\n\t\t\t\t<div class=\"elementor-widget-container\">\n\t\t\t\t\t<h2 class=\"elementor-heading-title elementor-size-default\">Za\u0161to izabrati na\u0161 proizvod<\/h2>\t\t\t\t<\/div>\n\t\t\t\t<\/div>\n\t\t<div class=\"elementor-element elementor-element-2230900 e-con-full e-flex e-con e-child\" data-id=\"2230900\" data-element_type=\"container\">\n\t\t<div class=\"elementor-element elementor-element-3422c57e e-con-full e-flex e-con e-child\" data-id=\"3422c57e\" data-element_type=\"container\" data-settings=\"{&quot;background_background&quot;:&quot;classic&quot;}\">\n\t\t\t\t<div class=\"elementor-element elementor-element-161e2824 elementor-widget elementor-widget-heading\" data-id=\"161e2824\" data-element_type=\"widget\" data-widget_type=\"heading.default\">\n\t\t\t\t<div class=\"elementor-widget-container\">\n\t\t\t\t\t<h4 class=\"elementor-heading-title elementor-size-default\">Njega pup\u010dane vrpce<\/h4>\t\t\t\t<\/div>\n\t\t\t\t<\/div>\n\t\t\t\t<\/div>\n\t\t<div class=\"elementor-element elementor-element-3c11ef1e e-con-full e-flex e-con e-child\" data-id=\"3c11ef1e\" data-element_type=\"container\" data-settings=\"{&quot;background_background&quot;:&quot;classic&quot;}\">\n\t\t\t\t<div class=\"elementor-element elementor-element-4b81fa04 elementor-widget elementor-widget-heading\" data-id=\"4b81fa04\" data-element_type=\"widget\" data-widget_type=\"heading.default\">\n\t\t\t\t<div class=\"elementor-widget-container\">\n\t\t\t\t\t<h4 class=\"elementor-heading-title elementor-size-default\">Epiziotomija<\/h4>\t\t\t\t<\/div>\n\t\t\t\t<\/div>\n\t\t\t\t<\/div>\n\t\t<div class=\"elementor-element elementor-element-d206ab7 e-con-full e-flex e-con e-child\" data-id=\"d206ab7\" data-element_type=\"container\" data-settings=\"{&quot;background_background&quot;:&quot;classic&quot;}\">\n\t\t\t\t<div class=\"elementor-element elementor-element-a8ab1b4 elementor-widget elementor-widget-heading\" data-id=\"a8ab1b4\" data-element_type=\"widget\" data-widget_type=\"heading.default\">\n\t\t\t\t<div class=\"elementor-widget-container\">\n\t\t\t\t\t<h4 class=\"elementor-heading-title elementor-size-default\">Pelenski osip<\/h4>\t\t\t\t<\/div>\n\t\t\t\t<\/div>\n\t\t\t\t<\/div>\n\t\t<div class=\"elementor-element elementor-element-896f1cc e-con-full e-flex e-con e-child\" data-id=\"896f1cc\" data-element_type=\"container\" data-settings=\"{&quot;background_background&quot;:&quot;classic&quot;}\">\n\t\t\t\t<div class=\"elementor-element elementor-element-74b1013b elementor-widget__width-initial elementor-widget elementor-widget-heading\" data-id=\"74b1013b\" data-element_type=\"widget\" data-widget_type=\"heading.default\">\n\t\t\t\t<div class=\"elementor-widget-container\">\n\t\t\t\t\t<h4 class=\"elementor-heading-title elementor-size-default\">Kontrola mikrookru\u017eenja u podru\u010dju rana<\/h4>\t\t\t\t<\/div>\n\t\t\t\t<\/div>\n\t\t\t\t<\/div>\n\t\t<div class=\"elementor-element elementor-element-28ff6772 e-con-full e-flex e-con e-child\" data-id=\"28ff6772\" data-element_type=\"container\" data-settings=\"{&quot;background_background&quot;:&quot;classic&quot;}\">\n\t\t\t\t<div class=\"elementor-element elementor-element-1321d88d elementor-widget elementor-widget-heading\" data-id=\"1321d88d\" data-element_type=\"widget\" data-widget_type=\"heading.default\">\n\t\t\t\t<div class=\"elementor-widget-container\">\n\t\t\t\t\t<h4 class=\"elementor-heading-title elementor-size-default\">Crvenilo u ranama<\/h4>\t\t\t\t<\/div>\n\t\t\t\t<\/div>\n\t\t\t\t<\/div>\n\t\t<div class=\"elementor-element elementor-element-1d918e7 e-con-full e-flex e-con e-child\" data-id=\"1d918e7\" data-element_type=\"container\" data-settings=\"{&quot;background_background&quot;:&quot;classic&quot;}\">\n\t\t\t\t<div class=\"elementor-element elementor-element-20e5959 elementor-widget elementor-widget-heading\" data-id=\"20e5959\" data-element_type=\"widget\" data-widget_type=\"heading.default\">\n\t\t\t\t<div class=\"elementor-widget-container\">\n\t\t\t\t\t<h4 class=\"elementor-heading-title elementor-size-default\">O\u0161te\u0107enja ko\u017ee povezana sa vlagom \n (MASD)<\/h4>\t\t\t\t<\/div>\n\t\t\t\t<\/div>\n\t\t\t\t<\/div>\n\t\t\t\t<\/div>\n\t\t\t\t\t<\/div>\n\t\t\t\t<\/div>\n\t\t<div class=\"elementor-element elementor-element-6b18987 e-con-full e-flex e-con e-parent\" data-id=\"6b18987\" data-element_type=\"container\">\n\t\t<div class=\"elementor-element elementor-element-2b11261 e-con-full e-flex e-con e-child\" data-id=\"2b11261\" data-element_type=\"container\">\n\t\t\t\t<div class=\"elementor-element elementor-element-6c45b15 elementor-widget elementor-widget-text-editor\" data-id=\"6c45b15\" data-element_type=\"widget\" data-widget_type=\"text-editor.default\">\n\t\t\t\t<div class=\"elementor-widget-container\">\n\t\t\t\t\t\t\t\t\t<h4>ISO 9001\/ISO 13485<\/h4><p>\u017delimo da efektivno odgovaramo na zahtjeve tr\u017ei\u0161ta, stoga smo uspostavili parnterstvno sa kompanijom koja implementira sistem menad\u017ementa kvalitetom uskla\u0111en sa standardom ISO 9001 i certifikatom ISO 13485. Kvaliteta proizvodnih pogona na\u0161ih partnera je dokazana dobijanjem relevatnih GMP(Good Manufacturing Practice) certifikata.<\/p>\t\t\t\t\t\t\t\t<\/div>\n\t\t\t\t<\/div>\n\t\t\t\t<\/div>\n\t\t\t\t<div class=\"elementor-element elementor-element-bc4ba8a elementor-widget elementor-widget-image\" data-id=\"bc4ba8a\" data-element_type=\"widget\" data-widget_type=\"image.default\">\n\t\t\t\t<div class=\"elementor-widget-container\">\n\t\t\t\t\t\t\t\t\t\t\t\t\t\t\t<img loading=\"lazy\" decoding=\"async\" width=\"300\" height=\"200\" src=\"https:\/\/fortespharm.ba\/wp-content\/uploads\/2025\/02\/iso-300x200.png\" class=\"attachment-medium size-medium wp-image-290\" alt=\"\" srcset=\"https:\/\/fortespharm.ba\/wp-content\/uploads\/2025\/02\/iso-300x200.png 300w, https:\/\/fortespharm.ba\/wp-content\/uploads\/2025\/02\/iso-768x512.png 768w, https:\/\/fortespharm.ba\/wp-content\/uploads\/2025\/02\/iso.png 1000w\" sizes=\"(max-width: 300px) 100vw, 300px\" \/>\t\t\t\t\t\t\t\t\t\t\t\t\t\t\t<\/div>\n\t\t\t\t<\/div>\n\t\t\t\t<\/div>\n\t\t\t\t<section class=\"elementor-section elementor-top-section elementor-element elementor-element-fb4b38d elementor-section-full_width elementor-section-height-default elementor-section-height-default\" data-id=\"fb4b38d\" data-element_type=\"section\" data-settings=\"{&quot;background_background&quot;:&quot;classic&quot;}\">\n\t\t\t\t\t\t<div class=\"elementor-container elementor-column-gap-default\">\n\t\t\t\t\t<div class=\"elementor-column elementor-col-100 elementor-top-column elementor-element elementor-element-6b05641\" data-id=\"6b05641\" data-element_type=\"column\">\n\t\t\t<div class=\"elementor-widget-wrap elementor-element-populated\">\n\t\t\t\t\t\t<div class=\"elementor-element elementor-element-26e5816 elementor-widget elementor-widget-heading\" data-id=\"26e5816\" data-element_type=\"widget\" data-widget_type=\"heading.default\">\n\t\t\t\t<div class=\"elementor-widget-container\">\n\t\t\t\t\t<h2 class=\"elementor-heading-title elementor-size-xl\">Kontaktirajte nas<\/h2>\t\t\t\t<\/div>\n\t\t\t\t<\/div>\n\t\t\t\t<section class=\"elementor-section elementor-inner-section elementor-element elementor-element-cc5d170 elementor-section-content-middle elementor-section-boxed elementor-section-height-default elementor-section-height-default\" data-id=\"cc5d170\" data-element_type=\"section\" data-settings=\"{&quot;background_background&quot;:&quot;classic&quot;}\">\n\t\t\t\t\t\t<div class=\"elementor-container elementor-column-gap-no\">\n\t\t\t\t\t<div class=\"elementor-column elementor-col-100 elementor-inner-column elementor-element elementor-element-bfbf00a\" data-id=\"bfbf00a\" data-element_type=\"column\">\n\t\t\t<div class=\"elementor-widget-wrap elementor-element-populated\">\n\t\t\t\t\t\t<div class=\"elementor-element elementor-element-2a0ba4b elementor-widget elementor-widget-heading\" data-id=\"2a0ba4b\" data-element_type=\"widget\" data-widget_type=\"heading.default\">\n\t\t\t\t<div class=\"elementor-widget-container\">\n\t\t\t\t\t<h6 class=\"elementor-heading-title elementor-size-default\">Mob. +387 62 295 500 ; +387 62 170 809<\/h6>\t\t\t\t<\/div>\n\t\t\t\t<\/div>\n\t\t\t\t<div class=\"elementor-element elementor-element-a4abbee elementor-widget elementor-widget-heading\" data-id=\"a4abbee\" data-element_type=\"widget\" data-widget_type=\"heading.default\">\n\t\t\t\t<div class=\"elementor-widget-container\">\n\t\t\t\t\t<h6 class=\"elementor-heading-title elementor-size-default\"><br>Email: fortespharm@gmail.com<\/h6>\t\t\t\t<\/div>\n\t\t\t\t<\/div>\n\t\t\t\t<div class=\"elementor-element elementor-element-7451cff elementor-widget elementor-widget-heading\" data-id=\"7451cff\" data-element_type=\"widget\" data-widget_type=\"heading.default\">\n\t\t\t\t<div class=\"elementor-widget-container\">\n\t\t\t\t\t<h6 class=\"elementor-heading-title elementor-size-default\"><br>Adresa: Augusta Brauna 3, \nSarajevo 71 000<\/h6>\t\t\t\t<\/div>\n\t\t\t\t<\/div>\n\t\t\t\t<div class=\"elementor-element elementor-element-f94656f elementor-shape-rounded elementor-grid-0 e-grid-align-center elementor-widget elementor-widget-social-icons\" data-id=\"f94656f\" data-element_type=\"widget\" data-widget_type=\"social-icons.default\">\n\t\t\t\t<div class=\"elementor-widget-container\">\n\t\t\t\t\t\t\t<div class=\"elementor-social-icons-wrapper elementor-grid\">\n\t\t\t\t\t\t\t<span class=\"elementor-grid-item\">\n\t\t\t\t\t<a class=\"elementor-icon elementor-social-icon elementor-social-icon-facebook elementor-repeater-item-c1673ad\" href=\"https:\/\/www.facebook.com\/profile.php?id=61574949316101\" target=\"_blank\">\n\t\t\t\t\t\t<span class=\"elementor-screen-only\">Facebook<\/span>\n\t\t\t\t\t\t<svg class=\"e-font-icon-svg e-fab-facebook\" viewBox=\"0 0 512 512\" xmlns=\"http:\/\/www.w3.org\/2000\/svg\"><path d=\"M504 256C504 119 393 8 256 8S8 119 8 256c0 123.78 90.69 226.38 209.25 245V327.69h-63V256h63v-54.64c0-62.15 37-96.48 93.67-96.48 27.14 0 55.52 4.84 55.52 4.84v61h-31.28c-30.8 0-40.41 19.12-40.41 38.73V256h68.78l-11 71.69h-57.78V501C413.31 482.38 504 379.78 504 256z\"><\/path><\/svg>\t\t\t\t\t<\/a>\n\t\t\t\t<\/span>\n\t\t\t\t\t\t\t<span class=\"elementor-grid-item\">\n\t\t\t\t\t<a class=\"elementor-icon elementor-social-icon elementor-social-icon-instagram elementor-repeater-item-3047267\" href=\"https:\/\/www.instagram.com\/fortespharm\/\" target=\"_blank\">\n\t\t\t\t\t\t<span class=\"elementor-screen-only\">Instagram<\/span>\n\t\t\t\t\t\t<svg class=\"e-font-icon-svg e-fab-instagram\" viewBox=\"0 0 448 512\" xmlns=\"http:\/\/www.w3.org\/2000\/svg\"><path d=\"M224.1 141c-63.6 0-114.9 51.3-114.9 114.9s51.3 114.9 114.9 114.9S339 319.5 339 255.9 287.7 141 224.1 141zm0 189.6c-41.1 0-74.7-33.5-74.7-74.7s33.5-74.7 74.7-74.7 74.7 33.5 74.7 74.7-33.6 74.7-74.7 74.7zm146.4-194.3c0 14.9-12 26.8-26.8 26.8-14.9 0-26.8-12-26.8-26.8s12-26.8 26.8-26.8 26.8 12 26.8 26.8zm76.1 27.2c-1.7-35.9-9.9-67.7-36.2-93.9-26.2-26.2-58-34.4-93.9-36.2-37-2.1-147.9-2.1-184.9 0-35.8 1.7-67.6 9.9-93.9 36.1s-34.4 58-36.2 93.9c-2.1 37-2.1 147.9 0 184.9 1.7 35.9 9.9 67.7 36.2 93.9s58 34.4 93.9 36.2c37 2.1 147.9 2.1 184.9 0 35.9-1.7 67.7-9.9 93.9-36.2 26.2-26.2 34.4-58 36.2-93.9 2.1-37 2.1-147.8 0-184.8zM398.8 388c-7.8 19.6-22.9 34.7-42.6 42.6-29.5 11.7-99.5 9-132.1 9s-102.7 2.6-132.1-9c-19.6-7.8-34.7-22.9-42.6-42.6-11.7-29.5-9-99.5-9-132.1s-2.6-102.7 9-132.1c7.8-19.6 22.9-34.7 42.6-42.6 29.5-11.7 99.5-9 132.1-9s102.7-2.6 132.1 9c19.6 7.8 34.7 22.9 42.6 42.6 11.7 29.5 9 99.5 9 132.1s2.7 102.7-9 132.1z\"><\/path><\/svg>\t\t\t\t\t<\/a>\n\t\t\t\t<\/span>\n\t\t\t\t\t<\/div>\n\t\t\t\t\t\t<\/div>\n\t\t\t\t<\/div>\n\t\t\t\t\t<\/div>\n\t\t<\/div>\n\t\t\t\t\t<\/div>\n\t\t<\/section>\n\t\t\t\t\t<\/div>\n\t\t<\/div>\n\t\t\t\t\t<\/div>\n\t\t<\/section>\n\t\t\t\t<\/div>\n\t\t","protected":false},"excerpt":{"rendered":"<p>NaviHeal sprej u prahu za njegu pupka i pup\u010dane vrpce sa koloidnim srebrom i vitamin E Odsustvo teku\u0107ine poma\u017ee da ko\u017ea ostane suha spre\u010davaju\u0107i proliferaciju bakterija i drugih mikroorganizama koji uspjevaju u vla\u017enim okru\u017eenjima Za\u0161to izabrati na\u0161 proizvod Njega pup\u010dane vrpce Epiziotomija Pelenski osip Kontrola mikrookru\u017eenja u podru\u010dju rana Crvenilo u ranama O\u0161te\u0107enja ko\u017ee povezana [&hellip;]<\/p>\n","protected":false},"author":1,"featured_media":0,"parent":0,"menu_order":0,"comment_status":"closed","ping_status":"closed","template":"elementor_header_footer","meta":{"footnotes":""},"class_list":["post-35","page","type-page","status-publish","hentry"],"yoast_head":"<!-- This site is optimized with the Yoast SEO plugin v24.4 - https:\/\/yoast.com\/wordpress\/plugins\/seo\/ -->\n<title>Po\u010detna - FortesPharm<\/title>\n<meta name=\"robots\" content=\"index, follow, max-snippet:-1, max-image-preview:large, max-video-preview:-1\" \/>\n<link rel=\"canonical\" href=\"https:\/\/fortespharm.ba\/\" \/>\n<meta property=\"og:locale\" content=\"en_US\" \/>\n<meta property=\"og:type\" content=\"article\" \/>\n<meta property=\"og:title\" content=\"Po\u010detna - FortesPharm\" \/>\n<meta property=\"og:description\" content=\"NaviHeal sprej u prahu za njegu pupka i pup\u010dane vrpce sa koloidnim srebrom i vitamin E Odsustvo teku\u0107ine poma\u017ee da ko\u017ea ostane suha spre\u010davaju\u0107i proliferaciju bakterija i drugih mikroorganizama koji uspjevaju u vla\u017enim okru\u017eenjima Za\u0161to izabrati na\u0161 proizvod Njega pup\u010dane vrpce Epiziotomija Pelenski osip Kontrola mikrookru\u017eenja u podru\u010dju rana Crvenilo u ranama O\u0161te\u0107enja ko\u017ee povezana [&hellip;]\" \/>\n<meta property=\"og:url\" content=\"https:\/\/fortespharm.ba\/\" \/>\n<meta property=\"og:site_name\" content=\"FortesPharm\" \/>\n<meta property=\"article:modified_time\" content=\"2025-05-06T08:46:47+00:00\" \/>\n<meta property=\"og:image\" content=\"https:\/\/fortespharm.ba\/wp-content\/uploads\/2025\/01\/Obnavljanje.jpg\" \/>\n<meta name=\"twitter:card\" content=\"summary_large_image\" \/>\n<meta name=\"twitter:label1\" content=\"Est. reading time\" \/>\n\t<meta name=\"twitter:data1\" content=\"2 minutes\" \/>\n<script type=\"application\/ld+json\" class=\"yoast-schema-graph\">{\"@context\":\"https:\/\/schema.org\",\"@graph\":[{\"@type\":\"WebPage\",\"@id\":\"https:\/\/fortespharm.ba\/\",\"url\":\"https:\/\/fortespharm.ba\/\",\"name\":\"Po\u010detna - FortesPharm\",\"isPartOf\":{\"@id\":\"https:\/\/fortespharm.ba\/#website\"},\"primaryImageOfPage\":{\"@id\":\"https:\/\/fortespharm.ba\/#primaryimage\"},\"image\":{\"@id\":\"https:\/\/fortespharm.ba\/#primaryimage\"},\"thumbnailUrl\":\"https:\/\/fortespharm.ba\/wp-content\/uploads\/2025\/01\/Obnavljanje.jpg\",\"datePublished\":\"2025-01-22T13:56:25+00:00\",\"dateModified\":\"2025-05-06T08:46:47+00:00\",\"breadcrumb\":{\"@id\":\"https:\/\/fortespharm.ba\/#breadcrumb\"},\"inLanguage\":\"en-US\",\"potentialAction\":[{\"@type\":\"ReadAction\",\"target\":[\"https:\/\/fortespharm.ba\/\"]}]},{\"@type\":\"ImageObject\",\"inLanguage\":\"en-US\",\"@id\":\"https:\/\/fortespharm.ba\/#primaryimage\",\"url\":\"https:\/\/fortespharm.ba\/wp-content\/uploads\/2025\/01\/Obnavljanje.jpg\",\"contentUrl\":\"https:\/\/fortespharm.ba\/wp-content\/uploads\/2025\/01\/Obnavljanje.jpg\",\"width\":244,\"height\":162},{\"@type\":\"BreadcrumbList\",\"@id\":\"https:\/\/fortespharm.ba\/#breadcrumb\",\"itemListElement\":[{\"@type\":\"ListItem\",\"position\":1,\"name\":\"Home\",\"item\":\"https:\/\/fortespharm.ba\/\"},{\"@type\":\"ListItem\",\"position\":2,\"name\":\"Po\u010detna\"}]},{\"@type\":\"WebSite\",\"@id\":\"https:\/\/fortespharm.ba\/#website\",\"url\":\"https:\/\/fortespharm.ba\/\",\"name\":\"FortesPharm\",\"description\":\"\",\"publisher\":{\"@id\":\"https:\/\/fortespharm.ba\/#organization\"},\"potentialAction\":[{\"@type\":\"SearchAction\",\"target\":{\"@type\":\"EntryPoint\",\"urlTemplate\":\"https:\/\/fortespharm.ba\/?s={search_term_string}\"},\"query-input\":{\"@type\":\"PropertyValueSpecification\",\"valueRequired\":true,\"valueName\":\"search_term_string\"}}],\"inLanguage\":\"en-US\"},{\"@type\":\"Organization\",\"@id\":\"https:\/\/fortespharm.ba\/#organization\",\"name\":\"FortesPharm\",\"url\":\"https:\/\/fortespharm.ba\/\",\"logo\":{\"@type\":\"ImageObject\",\"inLanguage\":\"en-US\",\"@id\":\"https:\/\/fortespharm.ba\/#\/schema\/logo\/image\/\",\"url\":\"https:\/\/fortespharm.ba\/wp-content\/uploads\/2025\/01\/Fortespharm-logo.jpg\",\"contentUrl\":\"https:\/\/fortespharm.ba\/wp-content\/uploads\/2025\/01\/Fortespharm-logo.jpg\",\"width\":409,\"height\":371,\"caption\":\"FortesPharm\"},\"image\":{\"@id\":\"https:\/\/fortespharm.ba\/#\/schema\/logo\/image\/\"}}]}<\/script>\n<!-- \/ Yoast SEO plugin. -->","yoast_head_json":{"title":"Po\u010detna - FortesPharm","robots":{"index":"index","follow":"follow","max-snippet":"max-snippet:-1","max-image-preview":"max-image-preview:large","max-video-preview":"max-video-preview:-1"},"canonical":"https:\/\/fortespharm.ba\/","og_locale":"en_US","og_type":"article","og_title":"Po\u010detna - FortesPharm","og_description":"NaviHeal sprej u prahu za njegu pupka i pup\u010dane vrpce sa koloidnim srebrom i vitamin E Odsustvo teku\u0107ine poma\u017ee da ko\u017ea ostane suha spre\u010davaju\u0107i proliferaciju bakterija i drugih mikroorganizama koji uspjevaju u vla\u017enim okru\u017eenjima Za\u0161to izabrati na\u0161 proizvod Njega pup\u010dane vrpce Epiziotomija Pelenski osip Kontrola mikrookru\u017eenja u podru\u010dju rana Crvenilo u ranama O\u0161te\u0107enja ko\u017ee povezana [&hellip;]","og_url":"https:\/\/fortespharm.ba\/","og_site_name":"FortesPharm","article_modified_time":"2025-05-06T08:46:47+00:00","og_image":[{"url":"https:\/\/fortespharm.ba\/wp-content\/uploads\/2025\/01\/Obnavljanje.jpg","type":"","width":"","height":""}],"twitter_card":"summary_large_image","twitter_misc":{"Est. reading time":"2 minutes"},"schema":{"@context":"https:\/\/schema.org","@graph":[{"@type":"WebPage","@id":"https:\/\/fortespharm.ba\/","url":"https:\/\/fortespharm.ba\/","name":"Po\u010detna - FortesPharm","isPartOf":{"@id":"https:\/\/fortespharm.ba\/#website"},"primaryImageOfPage":{"@id":"https:\/\/fortespharm.ba\/#primaryimage"},"image":{"@id":"https:\/\/fortespharm.ba\/#primaryimage"},"thumbnailUrl":"https:\/\/fortespharm.ba\/wp-content\/uploads\/2025\/01\/Obnavljanje.jpg","datePublished":"2025-01-22T13:56:25+00:00","dateModified":"2025-05-06T08:46:47+00:00","breadcrumb":{"@id":"https:\/\/fortespharm.ba\/#breadcrumb"},"inLanguage":"en-US","potentialAction":[{"@type":"ReadAction","target":["https:\/\/fortespharm.ba\/"]}]},{"@type":"ImageObject","inLanguage":"en-US","@id":"https:\/\/fortespharm.ba\/#primaryimage","url":"https:\/\/fortespharm.ba\/wp-content\/uploads\/2025\/01\/Obnavljanje.jpg","contentUrl":"https:\/\/fortespharm.ba\/wp-content\/uploads\/2025\/01\/Obnavljanje.jpg","width":244,"height":162},{"@type":"BreadcrumbList","@id":"https:\/\/fortespharm.ba\/#breadcrumb","itemListElement":[{"@type":"ListItem","position":1,"name":"Home","item":"https:\/\/fortespharm.ba\/"},{"@type":"ListItem","position":2,"name":"Po\u010detna"}]},{"@type":"WebSite","@id":"https:\/\/fortespharm.ba\/#website","url":"https:\/\/fortespharm.ba\/","name":"FortesPharm","description":"","publisher":{"@id":"https:\/\/fortespharm.ba\/#organization"},"potentialAction":[{"@type":"SearchAction","target":{"@type":"EntryPoint","urlTemplate":"https:\/\/fortespharm.ba\/?s={search_term_string}"},"query-input":{"@type":"PropertyValueSpecification","valueRequired":true,"valueName":"search_term_string"}}],"inLanguage":"en-US"},{"@type":"Organization","@id":"https:\/\/fortespharm.ba\/#organization","name":"FortesPharm","url":"https:\/\/fortespharm.ba\/","logo":{"@type":"ImageObject","inLanguage":"en-US","@id":"https:\/\/fortespharm.ba\/#\/schema\/logo\/image\/","url":"https:\/\/fortespharm.ba\/wp-content\/uploads\/2025\/01\/Fortespharm-logo.jpg","contentUrl":"https:\/\/fortespharm.ba\/wp-content\/uploads\/2025\/01\/Fortespharm-logo.jpg","width":409,"height":371,"caption":"FortesPharm"},"image":{"@id":"https:\/\/fortespharm.ba\/#\/schema\/logo\/image\/"}}]}},"_links":{"self":[{"href":"https:\/\/fortespharm.ba\/index.php\/wp-json\/wp\/v2\/pages\/35","targetHints":{"allow":["GET"]}}],"collection":[{"href":"https:\/\/fortespharm.ba\/index.php\/wp-json\/wp\/v2\/pages"}],"about":[{"href":"https:\/\/fortespharm.ba\/index.php\/wp-json\/wp\/v2\/types\/page"}],"author":[{"embeddable":true,"href":"https:\/\/fortespharm.ba\/index.php\/wp-json\/wp\/v2\/users\/1"}],"replies":[{"embeddable":true,"href":"https:\/\/fortespharm.ba\/index.php\/wp-json\/wp\/v2\/comments?post=35"}],"version-history":[{"count":182,"href":"https:\/\/fortespharm.ba\/index.php\/wp-json\/wp\/v2\/pages\/35\/revisions"}],"predecessor-version":[{"id":390,"href":"https:\/\/fortespharm.ba\/index.php\/wp-json\/wp\/v2\/pages\/35\/revisions\/390"}],"wp:attachment":[{"href":"https:\/\/fortespharm.ba\/index.php\/wp-json\/wp\/v2\/media?parent=35"}],"curies":[{"name":"wp","href":"https:\/\/api.w.org\/{rel}","templated":true}]}}