{"id":20,"date":"2025-01-22T13:56:23","date_gmt":"2025-01-22T13:56:23","guid":{"rendered":"https:\/\/fortespharm.ba\/index.php\/our-services\/"},"modified":"2025-03-13T12:55:16","modified_gmt":"2025-03-13T12:55:16","slug":"our-services","status":"publish","type":"page","link":"https:\/\/fortespharm.ba\/index.php\/our-services\/","title":{"rendered":"O proizvodu"},"content":{"rendered":"\t\t<div data-elementor-type=\"wp-page\" data-elementor-id=\"20\" class=\"elementor elementor-20\">\n\t\t\t\t\t\t<section class=\"elementor-section elementor-top-section elementor-element elementor-element-e25b905 elementor-section-full_width elementor-section-stretched elementor-section-height-default elementor-section-height-default\" data-id=\"e25b905\" data-element_type=\"section\" data-settings=\"{&quot;background_background&quot;:&quot;video&quot;,&quot;stretch_section&quot;:&quot;section-stretched&quot;}\">\n\t\t\t\t\t\t<div class=\"elementor-container elementor-column-gap-no\">\n\t\t\t\t\t<div class=\"elementor-column elementor-col-50 elementor-top-column elementor-element elementor-element-bd0c82f\" data-id=\"bd0c82f\" data-element_type=\"column\" data-settings=\"{&quot;background_background&quot;:&quot;classic&quot;}\">\n\t\t\t<div class=\"elementor-widget-wrap elementor-element-populated\">\n\t\t\t\t\t\t<div class=\"elementor-element elementor-element-7ad26b1 elementor-widget elementor-widget-video\" data-id=\"7ad26b1\" data-element_type=\"widget\" data-settings=\"{&quot;video_type&quot;:&quot;hosted&quot;,&quot;autoplay&quot;:&quot;yes&quot;,&quot;loop&quot;:&quot;yes&quot;}\" data-widget_type=\"video.default\">\n\t\t\t\t<div class=\"elementor-widget-container\">\n\t\t\t\t\t\t\t<div class=\"e-hosted-video elementor-wrapper elementor-open-inline\">\n\t\t\t\t\t<video class=\"elementor-video\" src=\"https:\/\/fortespharm.ba\/wp-content\/uploads\/2025\/02\/Good-Morning-Instagram-Post.mp4\" autoplay=\"\" loop=\"\" controlsList=\"nodownload\"><\/video>\n\t\t\t\t<\/div>\n\t\t\t\t\t\t<\/div>\n\t\t\t\t<\/div>\n\t\t\t\t\t<\/div>\n\t\t<\/div>\n\t\t\t\t<div class=\"elementor-column elementor-col-50 elementor-top-column elementor-element elementor-element-1736689\" data-id=\"1736689\" data-element_type=\"column\">\n\t\t\t<div class=\"elementor-widget-wrap elementor-element-populated\">\n\t\t\t\t\t\t<div class=\"elementor-element elementor-element-fa984ea elementor-widget elementor-widget-heading\" data-id=\"fa984ea\" data-element_type=\"widget\" data-widget_type=\"heading.default\">\n\t\t\t\t<div class=\"elementor-widget-container\">\n\t\t\t\t\t<h2 class=\"elementor-heading-title elementor-size-xxl\"><br><br>O proizvodu<br><br><\/h2>\t\t\t\t<\/div>\n\t\t\t\t<\/div>\n\t\t\t\t<div class=\"elementor-element elementor-element-383f69e elementor-widget elementor-widget-heading\" data-id=\"383f69e\" data-element_type=\"widget\" data-widget_type=\"heading.default\">\n\t\t\t\t<div class=\"elementor-widget-container\">\n\t\t\t\t\t<p class=\"elementor-heading-title elementor-size-default\">NaviHeal Sprej je bezvodni pra\u0161ak \u010dija je namjena odr\u017eavanja dobrog stanja ko\u017ee kako bi se odnovila ko\u017ena barijera. Sa dezinfekciskim i odbrambenim \ndjelovanjem prah se ne raspr\u0161uje i mo\u017eete za\u0161tititi podru\u010dije oko pupka i rana. Komponente preparata formiraju za\u0161titni film koji podr\u017eava prirodnu odbrambenu funkciju ko\u017ee. Preparat je pogodan za primjenu na vla\u017enim dijelovima tijela kao i dijelovima izlo\u017eena dekubitusu i trljanju.<br><\/p>\t\t\t\t<\/div>\n\t\t\t\t<\/div>\n\t\t\t\t\t<\/div>\n\t\t<\/div>\n\t\t\t\t\t<\/div>\n\t\t<\/section>\n\t\t<div class=\"elementor-element elementor-element-6f01d67 e-flex e-con-boxed e-con e-parent\" data-id=\"6f01d67\" data-element_type=\"container\">\n\t\t\t\t\t<div class=\"e-con-inner\">\n\t\t<div class=\"elementor-element elementor-element-380db2e e-con-full e-flex e-con e-child\" data-id=\"380db2e\" data-element_type=\"container\">\n\t\t\t\t<div class=\"elementor-element elementor-element-bc1bfad elementor-widget elementor-widget-heading\" data-id=\"bc1bfad\" data-element_type=\"widget\" data-widget_type=\"heading.default\">\n\t\t\t\t<div class=\"elementor-widget-container\">\n\t\t\t\t\t<h2 class=\"elementor-heading-title elementor-size-default\">Izgled<\/h2>\t\t\t\t<\/div>\n\t\t\t\t<\/div>\n\t\t\t\t<div class=\"elementor-element elementor-element-c970489 elementor-widget elementor-widget-text-editor\" data-id=\"c970489\" data-element_type=\"widget\" data-widget_type=\"text-editor.default\">\n\t\t\t\t<div class=\"elementor-widget-container\">\n\t\t\t\t\t\t\t\t\t<p>Boca sa usmjerenim dozatorom za aplikaciju\u00a0 10 g sadr\u017eaja u prahu bez mirisa<br \/><br \/><br \/><\/p>\t\t\t\t\t\t\t\t<\/div>\n\t\t\t\t<\/div>\n\t\t\t\t<\/div>\n\t\t<div class=\"elementor-element elementor-element-008ecde e-con-full e-flex e-con e-child\" data-id=\"008ecde\" data-element_type=\"container\">\n\t\t\t\t<div class=\"elementor-element elementor-element-7e2e36e elementor-widget elementor-widget-heading\" data-id=\"7e2e36e\" data-element_type=\"widget\" data-widget_type=\"heading.default\">\n\t\t\t\t<div class=\"elementor-widget-container\">\n\t\t\t\t\t<h2 class=\"elementor-heading-title elementor-size-default\">terapijska indikacija<\/h2>\t\t\t\t<\/div>\n\t\t\t\t<\/div>\n\t\t\t\t<div class=\"elementor-element elementor-element-a6620c3 elementor-widget elementor-widget-text-editor\" data-id=\"a6620c3\" data-element_type=\"widget\" data-widget_type=\"text-editor.default\">\n\t\t\t\t<div class=\"elementor-widget-container\">\n\t\t\t\t\t\t\t\t\t<ul><li>Obrada pupka, pup\u010dane vrpce<\/li><li>Epiziotomija<\/li><li>Granuloma<\/li><li>O\u0161te\u0107enja ko\u017ee povezana sa vlagom ( MASD )<\/li><li>Zacjeljivanje rana<\/li><li>Pelenski osip<\/li><li>Ko\u017ea izlo\u017eena povredama<\/li><\/ul>\t\t\t\t\t\t\t\t<\/div>\n\t\t\t\t<\/div>\n\t\t\t\t<\/div>\n\t\t<div class=\"elementor-element elementor-element-83787f9 e-con-full e-flex e-con e-child\" data-id=\"83787f9\" data-element_type=\"container\">\n\t\t\t\t<div class=\"elementor-element elementor-element-e707f02 elementor-widget elementor-widget-heading\" data-id=\"e707f02\" data-element_type=\"widget\" data-widget_type=\"heading.default\">\n\t\t\t\t<div class=\"elementor-widget-container\">\n\t\t\t\t\t<h2 class=\"elementor-heading-title elementor-size-default\">Sastojci<\/h2>\t\t\t\t<\/div>\n\t\t\t\t<\/div>\n\t\t\t\t<div class=\"elementor-element elementor-element-7ee9ac3 elementor-widget elementor-widget-text-editor\" data-id=\"7ee9ac3\" data-element_type=\"widget\" data-widget_type=\"text-editor.default\">\n\t\t\t\t<div class=\"elementor-widget-container\">\n\t\t\t\t\t\t\t\t\t<p>Silver, Sucrose, Xanthan gum, Acacia senegal gum,<br \/>Algin, Plantago ovata husk powder, Oryza sativa<br \/>(Rice) starch, Zea mays (Corn) starch, Tocopheryl<br \/>acetate, Sodium hyaluronate<\/p>\t\t\t\t\t\t\t\t<\/div>\n\t\t\t\t<\/div>\n\t\t\t\t<\/div>\n\t\t\t\t\t<\/div>\n\t\t\t\t<\/div>\n\t\t\t\t<\/div>\n\t\t","protected":false},"excerpt":{"rendered":"<p>https:\/\/fortespharm.ba\/wp-content\/uploads\/2025\/02\/Good-Morning-Instagram-Post.mp4 O proizvodu NaviHeal Sprej je bezvodni pra\u0161ak \u010dija je namjena odr\u017eavanja dobrog stanja ko\u017ee kako bi se odnovila ko\u017ena barijera. Sa dezinfekciskim i odbrambenim djelovanjem prah se ne raspr\u0161uje i mo\u017eete za\u0161tititi podru\u010dije oko pupka i rana. Komponente preparata formiraju za\u0161titni film koji podr\u017eava prirodnu odbrambenu funkciju ko\u017ee. Preparat je pogodan za primjenu na [&hellip;]<\/p>\n","protected":false},"author":1,"featured_media":0,"parent":0,"menu_order":0,"comment_status":"closed","ping_status":"closed","template":"elementor_header_footer","meta":{"footnotes":""},"class_list":["post-20","page","type-page","status-publish","hentry"],"yoast_head":"<!-- This site is optimized with the Yoast SEO plugin v24.4 - https:\/\/yoast.com\/wordpress\/plugins\/seo\/ -->\n<title>O proizvodu - FortesPharm<\/title>\n<meta name=\"robots\" content=\"index, follow, max-snippet:-1, max-image-preview:large, max-video-preview:-1\" \/>\n<link rel=\"canonical\" href=\"https:\/\/fortespharm.ba\/index.php\/our-services\/\" \/>\n<meta property=\"og:locale\" content=\"en_US\" \/>\n<meta property=\"og:type\" content=\"article\" \/>\n<meta property=\"og:title\" content=\"O proizvodu - FortesPharm\" \/>\n<meta property=\"og:description\" content=\"https:\/\/fortespharm.ba\/wp-content\/uploads\/2025\/02\/Good-Morning-Instagram-Post.mp4 O proizvodu NaviHeal Sprej je bezvodni pra\u0161ak \u010dija je namjena odr\u017eavanja dobrog stanja ko\u017ee kako bi se odnovila ko\u017ena barijera. Sa dezinfekciskim i odbrambenim djelovanjem prah se ne raspr\u0161uje i mo\u017eete za\u0161tititi podru\u010dije oko pupka i rana. Komponente preparata formiraju za\u0161titni film koji podr\u017eava prirodnu odbrambenu funkciju ko\u017ee. Preparat je pogodan za primjenu na [&hellip;]\" \/>\n<meta property=\"og:url\" content=\"https:\/\/fortespharm.ba\/index.php\/our-services\/\" \/>\n<meta property=\"og:site_name\" content=\"FortesPharm\" \/>\n<meta property=\"article:modified_time\" content=\"2025-03-13T12:55:16+00:00\" \/>\n<meta name=\"twitter:card\" content=\"summary_large_image\" \/>\n<meta name=\"twitter:label1\" content=\"Est. reading time\" \/>\n\t<meta name=\"twitter:data1\" content=\"1 minute\" \/>\n<script type=\"application\/ld+json\" class=\"yoast-schema-graph\">{\"@context\":\"https:\/\/schema.org\",\"@graph\":[{\"@type\":\"WebPage\",\"@id\":\"https:\/\/fortespharm.ba\/index.php\/our-services\/\",\"url\":\"https:\/\/fortespharm.ba\/index.php\/our-services\/\",\"name\":\"O proizvodu - FortesPharm\",\"isPartOf\":{\"@id\":\"https:\/\/fortespharm.ba\/#website\"},\"datePublished\":\"2025-01-22T13:56:23+00:00\",\"dateModified\":\"2025-03-13T12:55:16+00:00\",\"breadcrumb\":{\"@id\":\"https:\/\/fortespharm.ba\/index.php\/our-services\/#breadcrumb\"},\"inLanguage\":\"en-US\",\"potentialAction\":[{\"@type\":\"ReadAction\",\"target\":[\"https:\/\/fortespharm.ba\/index.php\/our-services\/\"]}]},{\"@type\":\"BreadcrumbList\",\"@id\":\"https:\/\/fortespharm.ba\/index.php\/our-services\/#breadcrumb\",\"itemListElement\":[{\"@type\":\"ListItem\",\"position\":1,\"name\":\"Home\",\"item\":\"https:\/\/fortespharm.ba\/\"},{\"@type\":\"ListItem\",\"position\":2,\"name\":\"O proizvodu\"}]},{\"@type\":\"WebSite\",\"@id\":\"https:\/\/fortespharm.ba\/#website\",\"url\":\"https:\/\/fortespharm.ba\/\",\"name\":\"FortesPharm\",\"description\":\"\",\"publisher\":{\"@id\":\"https:\/\/fortespharm.ba\/#organization\"},\"potentialAction\":[{\"@type\":\"SearchAction\",\"target\":{\"@type\":\"EntryPoint\",\"urlTemplate\":\"https:\/\/fortespharm.ba\/?s={search_term_string}\"},\"query-input\":{\"@type\":\"PropertyValueSpecification\",\"valueRequired\":true,\"valueName\":\"search_term_string\"}}],\"inLanguage\":\"en-US\"},{\"@type\":\"Organization\",\"@id\":\"https:\/\/fortespharm.ba\/#organization\",\"name\":\"FortesPharm\",\"url\":\"https:\/\/fortespharm.ba\/\",\"logo\":{\"@type\":\"ImageObject\",\"inLanguage\":\"en-US\",\"@id\":\"https:\/\/fortespharm.ba\/#\/schema\/logo\/image\/\",\"url\":\"https:\/\/fortespharm.ba\/wp-content\/uploads\/2025\/01\/Fortespharm-logo.jpg\",\"contentUrl\":\"https:\/\/fortespharm.ba\/wp-content\/uploads\/2025\/01\/Fortespharm-logo.jpg\",\"width\":409,\"height\":371,\"caption\":\"FortesPharm\"},\"image\":{\"@id\":\"https:\/\/fortespharm.ba\/#\/schema\/logo\/image\/\"}}]}<\/script>\n<!-- \/ Yoast SEO plugin. -->","yoast_head_json":{"title":"O proizvodu - FortesPharm","robots":{"index":"index","follow":"follow","max-snippet":"max-snippet:-1","max-image-preview":"max-image-preview:large","max-video-preview":"max-video-preview:-1"},"canonical":"https:\/\/fortespharm.ba\/index.php\/our-services\/","og_locale":"en_US","og_type":"article","og_title":"O proizvodu - FortesPharm","og_description":"https:\/\/fortespharm.ba\/wp-content\/uploads\/2025\/02\/Good-Morning-Instagram-Post.mp4 O proizvodu NaviHeal Sprej je bezvodni pra\u0161ak \u010dija je namjena odr\u017eavanja dobrog stanja ko\u017ee kako bi se odnovila ko\u017ena barijera. Sa dezinfekciskim i odbrambenim djelovanjem prah se ne raspr\u0161uje i mo\u017eete za\u0161tititi podru\u010dije oko pupka i rana. Komponente preparata formiraju za\u0161titni film koji podr\u017eava prirodnu odbrambenu funkciju ko\u017ee. Preparat je pogodan za primjenu na [&hellip;]","og_url":"https:\/\/fortespharm.ba\/index.php\/our-services\/","og_site_name":"FortesPharm","article_modified_time":"2025-03-13T12:55:16+00:00","twitter_card":"summary_large_image","twitter_misc":{"Est. reading time":"1 minute"},"schema":{"@context":"https:\/\/schema.org","@graph":[{"@type":"WebPage","@id":"https:\/\/fortespharm.ba\/index.php\/our-services\/","url":"https:\/\/fortespharm.ba\/index.php\/our-services\/","name":"O proizvodu - FortesPharm","isPartOf":{"@id":"https:\/\/fortespharm.ba\/#website"},"datePublished":"2025-01-22T13:56:23+00:00","dateModified":"2025-03-13T12:55:16+00:00","breadcrumb":{"@id":"https:\/\/fortespharm.ba\/index.php\/our-services\/#breadcrumb"},"inLanguage":"en-US","potentialAction":[{"@type":"ReadAction","target":["https:\/\/fortespharm.ba\/index.php\/our-services\/"]}]},{"@type":"BreadcrumbList","@id":"https:\/\/fortespharm.ba\/index.php\/our-services\/#breadcrumb","itemListElement":[{"@type":"ListItem","position":1,"name":"Home","item":"https:\/\/fortespharm.ba\/"},{"@type":"ListItem","position":2,"name":"O proizvodu"}]},{"@type":"WebSite","@id":"https:\/\/fortespharm.ba\/#website","url":"https:\/\/fortespharm.ba\/","name":"FortesPharm","description":"","publisher":{"@id":"https:\/\/fortespharm.ba\/#organization"},"potentialAction":[{"@type":"SearchAction","target":{"@type":"EntryPoint","urlTemplate":"https:\/\/fortespharm.ba\/?s={search_term_string}"},"query-input":{"@type":"PropertyValueSpecification","valueRequired":true,"valueName":"search_term_string"}}],"inLanguage":"en-US"},{"@type":"Organization","@id":"https:\/\/fortespharm.ba\/#organization","name":"FortesPharm","url":"https:\/\/fortespharm.ba\/","logo":{"@type":"ImageObject","inLanguage":"en-US","@id":"https:\/\/fortespharm.ba\/#\/schema\/logo\/image\/","url":"https:\/\/fortespharm.ba\/wp-content\/uploads\/2025\/01\/Fortespharm-logo.jpg","contentUrl":"https:\/\/fortespharm.ba\/wp-content\/uploads\/2025\/01\/Fortespharm-logo.jpg","width":409,"height":371,"caption":"FortesPharm"},"image":{"@id":"https:\/\/fortespharm.ba\/#\/schema\/logo\/image\/"}}]}},"_links":{"self":[{"href":"https:\/\/fortespharm.ba\/index.php\/wp-json\/wp\/v2\/pages\/20","targetHints":{"allow":["GET"]}}],"collection":[{"href":"https:\/\/fortespharm.ba\/index.php\/wp-json\/wp\/v2\/pages"}],"about":[{"href":"https:\/\/fortespharm.ba\/index.php\/wp-json\/wp\/v2\/types\/page"}],"author":[{"embeddable":true,"href":"https:\/\/fortespharm.ba\/index.php\/wp-json\/wp\/v2\/users\/1"}],"replies":[{"embeddable":true,"href":"https:\/\/fortespharm.ba\/index.php\/wp-json\/wp\/v2\/comments?post=20"}],"version-history":[{"count":81,"href":"https:\/\/fortespharm.ba\/index.php\/wp-json\/wp\/v2\/pages\/20\/revisions"}],"predecessor-version":[{"id":384,"href":"https:\/\/fortespharm.ba\/index.php\/wp-json\/wp\/v2\/pages\/20\/revisions\/384"}],"wp:attachment":[{"href":"https:\/\/fortespharm.ba\/index.php\/wp-json\/wp\/v2\/media?parent=20"}],"curies":[{"name":"wp","href":"https:\/\/api.w.org\/{rel}","templated":true}]}}